{"id":1822,"date":"2026-02-26T14:08:49","date_gmt":"2026-02-26T17:08:49","guid":{"rendered":"https:\/\/pontocomletra.nossopapel.org.br\/?page_id=1822"},"modified":"2026-02-26T14:08:50","modified_gmt":"2026-02-26T17:08:50","slug":"declaracao-de-acessibilidade","status":"publish","type":"page","link":"https:\/\/pontocomletra.nossopapel.org.br\/?page_id=1822","title":{"rendered":"Declara\u00e7\u00e3o de Acessibilidade"},"content":{"rendered":"\n<h2 class=\"wp-block-heading\">Declara\u00e7\u00e3o de Acessibilidade<\/h2>\n\n\n\n<p>O site pontocomletra.org.br tem o compromisso de promover a acessibilidade digital, garantindo que pessoas com defici\u00eancia possam navegar com autonomia e seguran\u00e7a.<\/p>\n\n\n\n<p>Buscamos atender \u00e0s diretrizes da WCAG 2.1 n\u00edvel AA, promovendo melhorias cont\u00ednuas na estrutura, navega\u00e7\u00e3o e conte\u00fado.<\/p>\n\n\n\n<p>Entre as medidas adotadas est\u00e3o:<\/p>\n\n\n\n<ul class=\"wp-block-list\">\n<li>Uso de textos alternativos em imagens;<\/li>\n\n\n\n<li>Estrutura sem\u00e2ntica adequada de t\u00edtulos;<\/li>\n\n\n\n<li>Compatibilidade com leitores de tela;<\/li>\n\n\n\n<li>Ajustes de contraste e tamanho de fonte;<\/li>\n\n\n\n<li>Navega\u00e7\u00e3o por teclado.<\/li>\n<\/ul>\n\n\n\n<p>Caso encontre qualquer barreira de acessibilidade, entre em contato pelo e-mail: <a>contato@pontocomletra.org.br<\/a><\/p>\n\n\n\n<p>Estamos comprometidos com a melhoria cont\u00ednua da experi\u00eancia de todos os usu\u00e1rios.<\/p>\n\n\n\n<p>\u00daltima atualiza\u00e7\u00e3o: fevereiro de 2026.<\/p>\n","protected":false},"excerpt":{"rendered":"<p>Declara\u00e7\u00e3o de Acessibilidade O site pontocomletra.org.br tem o compromisso de promover a acessibilidade digital, garantindo que pessoas com defici\u00eancia possam<\/p>\n","protected":false},"author":2,"featured_media":0,"parent":0,"menu_order":0,"comment_status":"closed","ping_status":"closed","template":"","meta":{"colormag_page_layout":"default_layout","_editorskit_title_hidden":false,"_editorskit_reading_time":0,"_editorskit_is_block_options_detached":false,"_editorskit_block_options_position":"{}","footnotes":""},"class_list":["post-1822","page","type-page","status-publish","hentry"],"_links":{"self":[{"href":"https:\/\/pontocomletra.nossopapel.org.br\/index.php?rest_route=\/wp\/v2\/pages\/1822","targetHints":{"allow":["GET"]}}],"collection":[{"href":"https:\/\/pontocomletra.nossopapel.org.br\/index.php?rest_route=\/wp\/v2\/pages"}],"about":[{"href":"https:\/\/pontocomletra.nossopapel.org.br\/index.php?rest_route=\/wp\/v2\/types\/page"}],"author":[{"embeddable":true,"href":"https:\/\/pontocomletra.nossopapel.org.br\/index.php?rest_route=\/wp\/v2\/users\/2"}],"replies":[{"embeddable":true,"href":"https:\/\/pontocomletra.nossopapel.org.br\/index.php?rest_route=%2Fwp%2Fv2%2Fcomments&post=1822"}],"version-history":[{"count":1,"href":"https:\/\/pontocomletra.nossopapel.org.br\/index.php?rest_route=\/wp\/v2\/pages\/1822\/revisions"}],"predecessor-version":[{"id":1823,"href":"https:\/\/pontocomletra.nossopapel.org.br\/index.php?rest_route=\/wp\/v2\/pages\/1822\/revisions\/1823"}],"wp:attachment":[{"href":"https:\/\/pontocomletra.nossopapel.org.br\/index.php?rest_route=%2Fwp%2Fv2%2Fmedia&parent=1822"}],"curies":[{"name":"wp","href":"https:\/\/api.w.org\/{rel}","templated":true}]}}